{"id":3,"date":"2022-08-18T08:40:28","date_gmt":"2022-08-18T08:40:28","guid":{"rendered":"http:\/\/kamilwojtak.com\/?page_id=3"},"modified":"2025-04-11T08:58:54","modified_gmt":"2025-04-11T08:58:54","slug":"polityka-prywatnosci","status":"publish","type":"page","link":"https:\/\/kamilwojtak.com\/?page_id=3","title":{"rendered":"POLITYKA PRYWATNO\u015aCI"},"content":{"rendered":"[et_pb_section fb_built=&#8221;1&#8243; admin_label=&#8221;section&#8221; _builder_version=&#8221;4.16&#8243; global_colors_info=&#8221;{}&#8221;][et_pb_row admin_label=&#8221;row&#8221; _builder_version=&#8221;4.16&#8243; background_size=&#8221;initial&#8221; background_position=&#8221;top_left&#8221; background_repeat=&#8221;repeat&#8221; global_colors_info=&#8221;{}&#8221;][et_pb_column type=&#8221;4_4&#8243; _builder_version=&#8221;4.16&#8243; custom_padding=&#8221;|||&#8221; global_colors_info=&#8221;{}&#8221; custom_padding__hover=&#8221;|||&#8221;][et_pb_text admin_label=&#8221;Text&#8221; _builder_version=&#8221;4.18.0&#8243; background_size=&#8221;initial&#8221; background_position=&#8221;top_left&#8221; background_repeat=&#8221;repeat&#8221; global_colors_info=&#8221;{}&#8221;]<p><\/p>\n<h2 class=\"wp-block-heading\"><b>Polityka Prywatno\u015bci Strony Internetowej kamilwojtak.com<\/b><\/h2>\n<h2><\/h2>\n<p><b>Data ostatniej aktualizacji:<\/b><span style=\"font-weight: 400;\"> [Wstaw aktualn\u0105 dat\u0119, np. 3 kwietnia 2025]<\/span><\/p>\n<p><span style=\"font-weight: 400;\">Niniejsza Polityka Prywatno\u015bci okre\u015bla zasady przetwarzania i ochrony danych osobowych przekazywanych przez U\u017cytkownik\u00f3w w zwi\u0105zku z korzystaniem przez nich ze strony internetowej kamilwojtak.com (dalej: &#8222;Serwis&#8221;).<\/span><\/p>\n<h2><\/h2>\n<ul>\n<li><b> 1. Administrator Danych Osobowych<\/b><\/li>\n<\/ul>\n<p><span style=\"font-weight: 400;\">Administratorem danych osobowych U\u017cytkownik\u00f3w Serwisu jest:<\/span><\/p>\n<p><span style=\"font-weight: 400;\">Kamil Wojtak<\/span><\/p>\n<p><span style=\"font-weight: 400;\">prowadz\u0105cy dzia\u0142alno\u015b\u0107 gospodarcz\u0105 pod firm\u0105 Kamil Wojtak<\/span><\/p>\n<p>Adres siedziby: ul. Warszawska 6, 21-500 Bia\u0142a Podlaska<\/p>\n<p>NIP: 7151703246<\/p>\n<p>REGON: 362200968<\/p>\n<p><span style=\"font-weight: 400;\">Adres e-mail: [kamilwojtak84@gmail.com]<\/span><\/p>\n<p><span style=\"font-weight: 400;\">Telefon: [+48 <\/span><span style=\"font-weight: 400;\">660255532]<\/span><\/p>\n<p><span style=\"font-weight: 400;\">(dalej: &#8222;Administrator&#8221;).<\/span><\/p>\n<h2><\/h2>\n<ul>\n<li><b> 2. Zakres i Cel Zbierania Danych<\/b><\/li>\n<\/ul>\n<ol>\n<li style=\"font-weight: 400;\" aria-level=\"1\"><span style=\"font-weight: 400;\">Administrator przetwarza dane osobowe U\u017cytkownik\u00f3w Serwisu wy\u0142\u0105cznie w zakresie niezb\u0119dnym do prawid\u0142owego funkcjonowania Serwisu oraz w celach kontaktowych.<\/span><\/li>\n<li style=\"font-weight: 400;\" aria-level=\"1\"><span style=\"font-weight: 400;\">Serwis realizuje funkcje pozyskiwania informacji o U\u017cytkownikach i ich zachowaniu w nast\u0119puj\u0105cy spos\u00f3b:<\/span><\/li>\n<\/ol>\n<ul>\n<li style=\"font-weight: 400;\" aria-level=\"2\"><b>Poprzez dobrowolnie wprowadzone informacje w formularzu kontaktowym:<\/b><span style=\"font-weight: 400;\"> U\u017cytkownik, chc\u0105c skontaktowa\u0107 si\u0119 z Administratorem za po\u015brednictwem formularza kontaktowego dost\u0119pnego w Serwisie, mo\u017ce zosta\u0107 poproszony o podanie danych takich jak imi\u0119, adres e-mail oraz tre\u015b\u0107 wiadomo\u015bci. Dane te s\u0105 przetwarzane wy\u0142\u0105cznie w celu udzielenia odpowiedzi na zapytanie U\u017cytkownika i prowadzenia dalszej korespondencji.<\/span><\/li>\n<li style=\"font-weight: 400;\" aria-level=\"2\"><b>Poprzez zapisywanie w urz\u0105dzeniach ko\u0144cowych plik\u00f3w cookie (tzw. &#8222;ciasteczka&#8221;):<\/b><span style=\"font-weight: 400;\"> Serwis wykorzystuje pliki cookie w celu zapewnienia prawid\u0142owego dzia\u0142ania strony oraz ewentualnie w celach statystycznych (w spos\u00f3b zanonimizowany).<\/span><\/li>\n<li style=\"font-weight: 400;\" aria-level=\"2\"><b>Poprzez gromadzenie log\u00f3w serwera www przez operatora hostingowego:<\/b><span style=\"font-weight: 400;\"> System informatyczny Serwisu automatycznie zapisuje dane zwi\u0105zane z urz\u0105dzeniem, z kt\u00f3rego korzysta U\u017cytkownik, takie jak adres IP, dane przegl\u0105darki, czas wizyty. Dane te wykorzystywane s\u0105 wy\u0142\u0105cznie w celach administracyjnych i statystycznych.<\/span><\/li>\n<\/ul>\n<h2><\/h2>\n<ul>\n<li><b> 3. Podstawa Prawna Przetwarzania Danych<\/b><\/li>\n<\/ul>\n<ol>\n<li style=\"font-weight: 400;\" aria-level=\"1\"><span style=\"font-weight: 400;\">Dane osobowe podane w formularzu kontaktowym przetwarzane s\u0105 na podstawie:<\/span><\/li>\n<\/ol>\n<ul>\n<li style=\"font-weight: 400;\" aria-level=\"2\"><span style=\"font-weight: 400;\">Art. 6 ust. 1 lit. b RODO (przetwarzanie jest niezb\u0119dne do podj\u0119cia dzia\u0142a\u0144 na \u017c\u0105danie osoby, kt\u00f3rej dane dotycz\u0105, przed zawarciem umowy \u2013 np. odpowied\u017a na zapytanie ofertowe).<\/span><\/li>\n<li style=\"font-weight: 400;\" aria-level=\"2\"><span style=\"font-weight: 400;\">Art. 6 ust. 1 lit. f RODO (prawnie uzasadniony interes Administratora \u2013 prowadzenie korespondencji i obs\u0142uga zapyta\u0144).<\/span><\/li>\n<li style=\"font-weight: 400;\" aria-level=\"2\"><span style=\"font-weight: 400;\">Je\u015bli zakres zapytania tego wymaga lub je\u015bli zostanie to jasno zakomunikowane \u2013 na podstawie zgody U\u017cytkownika (Art. 6 ust. 1 lit. a RODO).<\/span><\/li>\n<\/ul>\n<ol>\n<li style=\"font-weight: 400;\" aria-level=\"1\"><span style=\"font-weight: 400;\">Dane zbierane automatycznie (pliki cookie, logi serwera) przetwarzane s\u0105 na podstawie Art. 6 ust. 1 lit. f RODO (prawnie uzasadniony interes Administratora \u2013 zapewnienie prawid\u0142owego funkcjonowania Serwisu, bezpiecze\u0144stwo, cele statystyczne i analityczne w zakresie podstawowym). W przypadku plik\u00f3w cookie niewymaganych do dzia\u0142ania strony, podstaw\u0105 mo\u017ce by\u0107 zgoda U\u017cytkownika (Art. 6 ust. 1 lit. a RODO), wyra\u017cona np. poprzez ustawienia przegl\u0105darki lub baner cookie (je\u015bli jest stosowany).<\/span><\/li>\n<\/ol>\n<h2><\/h2>\n<ul>\n<li><b> 4. Pliki Cookie<\/b><\/li>\n<\/ul>\n<ol>\n<li style=\"font-weight: 400;\" aria-level=\"1\"><span style=\"font-weight: 400;\">Serwis korzysta z plik\u00f3w cookie. S\u0105 to niewielkie pliki tekstowe wysy\u0142ane przez serwer www i przechowywane przez oprogramowanie przegl\u0105darki internetowej.<\/span><\/li>\n<li style=\"font-weight: 400;\" aria-level=\"1\"><span style=\"font-weight: 400;\">Pliki cookie zazwyczaj zawieraj\u0105 nazw\u0119 domeny, z kt\u00f3rej pochodz\u0105, czas przechowywania ich na urz\u0105dzeniu ko\u0144cowym oraz unikalny numer.<\/span><\/li>\n<li style=\"font-weight: 400;\" aria-level=\"1\"><span style=\"font-weight: 400;\">Pliki cookie wykorzystywane s\u0105 w celu:<\/span><\/li>\n<\/ol>\n<ul>\n<li style=\"font-weight: 400;\" aria-level=\"2\"><span style=\"font-weight: 400;\">Utrzymania sesji U\u017cytkownika Serwisu (po zalogowaniu, je\u015bli dotyczy), dzi\u0119ki kt\u00f3rej U\u017cytkownik nie musi na ka\u017cdej podstronie Serwisu ponownie wpisywa\u0107 loginu i has\u0142a.<\/span><\/li>\n<li style=\"font-weight: 400;\" aria-level=\"2\"><span style=\"font-weight: 400;\">Zapewnienia prawid\u0142owego dzia\u0142ania niekt\u00f3rych funkcji Serwisu.<\/span><\/li>\n<li style=\"font-weight: 400;\" aria-level=\"2\"><span style=\"font-weight: 400;\">Tworzenia anonimowych statystyk, kt\u00f3re pomagaj\u0105 zrozumie\u0107, w jaki spos\u00f3b U\u017cytkownicy Serwisu korzystaj\u0105 ze stron internetowych, co umo\u017cliwia ulepszanie ich struktury i zawarto\u015bci (je\u015bli stosowane s\u0105 narz\u0119dzia analityczne).<\/span><\/li>\n<\/ul>\n<ol>\n<li style=\"font-weight: 400;\" aria-level=\"1\"><span style=\"font-weight: 400;\">W ramach Serwisu mog\u0105 by\u0107 stosowane dwa zasadnicze rodzaje plik\u00f3w cookie: \u201esesyjne\u201d (session cookies) oraz \u201esta\u0142e\u201d (persistent cookies). Cookie \u201esesyjne\u201d s\u0105 plikami tymczasowymi, kt\u00f3re przechowywane s\u0105 w urz\u0105dzeniu ko\u0144cowym U\u017cytkownika do czasu wylogowania, opuszczenia strony internetowej lub wy\u0142\u0105czenia oprogramowania (przegl\u0105darki internetowej). \u201eSta\u0142e\u201d pliki cookie przechowywane s\u0105 w urz\u0105dzeniu ko\u0144cowym U\u017cytkownika przez czas okre\u015blony w parametrach plik\u00f3w cookie lub do czasu ich usuni\u0119cia przez U\u017cytkownika.<\/span><\/li>\n<li style=\"font-weight: 400;\" aria-level=\"1\"><span style=\"font-weight: 400;\">U\u017cytkownik mo\u017ce w ka\u017cdej chwili samodzielnie zmieni\u0107 ustawienia dotycz\u0105ce plik\u00f3w cookie w swojej przegl\u0105darce internetowej, w tym zablokowa\u0107 mo\u017cliwo\u015b\u0107 ich zapisywania. Szczeg\u00f3\u0142owe informacje o mo\u017cliwo\u015bci i sposobach obs\u0142ugi plik\u00f3w cookie dost\u0119pne s\u0105 w ustawieniach oprogramowania (przegl\u0105darki internetowej). Przyk\u0142adowe instrukcje:<\/span><\/li>\n<\/ol>\n<ul>\n<li style=\"font-weight: 400;\" aria-level=\"2\"><span style=\"font-weight: 400;\">Mozilla Firefox: <\/span><a href=\"https:\/\/support.mozilla.org\/pl\/kb\/ciasteczka\"><span style=\"font-weight: 400;\">https:\/\/support.mozilla.org\/pl\/kb\/ciasteczka<\/span><\/a><\/li>\n<li style=\"font-weight: 400;\" aria-level=\"2\"><span style=\"font-weight: 400;\">Google Chrome: <\/span><a href=\"https:\/\/support.google.com\/chrome\/answer\/95647?hl=pl\"><span style=\"font-weight: 400;\">https:\/\/support.google.com\/chrome\/answer\/95647?hl=pl<\/span><\/a><\/li>\n<li style=\"font-weight: 400;\" aria-level=\"2\"><span style=\"font-weight: 400;\">Microsoft Edge: https:\/\/support.microsoft.com\/pl-pl\/microsoft-edge\/usuwanie-plik%C3%B3w-cookie-w-przegl%C4%85darce-microsoft-edge-63947406-40ac-c3b8-57b9-2a946a29ae09<\/span><\/li>\n<li style=\"font-weight: 400;\" aria-level=\"2\"><span style=\"font-weight: 400;\">Safari: <\/span><a href=\"https:\/\/support.apple.com\/pl-pl\/guide\/safari\/sfri11471\/mac\"><span style=\"font-weight: 400;\">https:\/\/support.apple.com\/pl-pl\/guide\/safari\/sfri11471\/mac<\/span><\/a><\/li>\n<\/ul>\n<ol>\n<li style=\"font-weight: 400;\" aria-level=\"1\"><span style=\"font-weight: 400;\">Ograniczenie stosowania plik\u00f3w cookie mo\u017ce wp\u0142yn\u0105\u0107 na niekt\u00f3re funkcjonalno\u015bci dost\u0119pne na stronie internetowej Serwisu.<\/span><\/li>\n<\/ol>\n<h2><\/h2>\n<ul>\n<li><b> 5. Okres Przechowywania Danych<\/b><\/li>\n<\/ul>\n<ol>\n<li style=\"font-weight: 400;\" aria-level=\"1\"><span style=\"font-weight: 400;\">Dane osobowe przekazane za pomoc\u0105 formularza kontaktowego przechowywane s\u0105 przez okres niezb\u0119dny do obs\u0142ugi zapytania i prowadzenia korespondencji, a nast\u0119pnie przez okres wymagany przepisami prawa (np. w celach archiwalnych, podatkowych \u2013 je\u015bli dojdzie do nawi\u0105zania wsp\u00f3\u0142pracy) lub do czasu wycofania zgody lub zg\u0142oszenia skutecznego sprzeciwu wobec przetwarzania.<\/span><\/li>\n<li style=\"font-weight: 400;\" aria-level=\"1\"><span style=\"font-weight: 400;\">Dane zbierane automatycznie (pliki cookie, logi serwera) przechowywane s\u0105 przez czas okre\u015blony w parametrach plik\u00f3w cookie lub przez okres niezb\u0119dny do administrowania serwerem.<\/span><\/li>\n<\/ol>\n<h2><\/h2>\n<ul>\n<li><b> 6. Odbiorcy Danych<\/b><\/li>\n<\/ul>\n<ol>\n<li style=\"font-weight: 400;\" aria-level=\"1\"><span style=\"font-weight: 400;\">Dane osobowe U\u017cytkownik\u00f3w mog\u0105 by\u0107 powierzane do przetwarzania podmiotom trzecim, kt\u00f3re \u015bwiadcz\u0105 us\u0142ugi na rzecz Administratora, np.:<\/span><\/li>\n<\/ol>\n<ul>\n<li style=\"font-weight: 400;\" aria-level=\"2\"><span style=\"font-weight: 400;\">Dostawcy us\u0142ug hostingowych.<\/span><\/li>\n<li style=\"font-weight: 400;\" aria-level=\"2\"><span style=\"font-weight: 400;\">Dostawcy us\u0142ug poczty elektronicznej.<\/span><\/li>\n<li style=\"font-weight: 400;\" aria-level=\"2\"><span style=\"font-weight: 400;\">[Ewentualnie: Dostawcy narz\u0119dzi analitycznych, np. Google Analytics \u2013 je\u015bli s\u0105 u\u017cywane, nale\u017cy to jasno wskaza\u0107].<\/span><\/li>\n<\/ul>\n<ol>\n<li style=\"font-weight: 400;\" aria-level=\"1\"><span style=\"font-weight: 400;\">Podmioty te przetwarzaj\u0105 dane na podstawie umowy z Administratorem i wy\u0142\u0105cznie zgodnie z jego poleceniami, zapewniaj\u0105c odpowiedni poziom ochrony danych.<\/span><\/li>\n<li style=\"font-weight: 400;\" aria-level=\"1\"><span style=\"font-weight: 400;\">Dane osobowe mog\u0105 by\u0107 r\u00f3wnie\u017c udost\u0119pniane organom pa\u0144stwowym na mocy obowi\u0105zuj\u0105cych przepis\u00f3w prawa.<\/span><\/li>\n<\/ol>\n<h2><\/h2>\n<ul>\n<li><b> 7. Prawa U\u017cytkownika (RODO)<\/b><\/li>\n<\/ul>\n<p><span style=\"font-weight: 400;\">W zwi\u0105zku z przetwarzaniem danych osobowych, U\u017cytkownikowi przys\u0142uguj\u0105 nast\u0119puj\u0105ce prawa:<\/span><\/p>\n<ol>\n<li style=\"font-weight: 400;\" aria-level=\"1\"><b>Prawo dost\u0119pu do danych:<\/b><span style=\"font-weight: 400;\"> Mo\u017cliwo\u015b\u0107 uzyskania informacji o przetwarzanych danych oraz kopii tych danych.<\/span><\/li>\n<li style=\"font-weight: 400;\" aria-level=\"1\"><b>Prawo do sprostowania danych:<\/b><span style=\"font-weight: 400;\"> Mo\u017cliwo\u015b\u0107 \u017c\u0105dania poprawienia nieprawid\u0142owych danych lub uzupe\u0142nienia danych niekompletnych.<\/span><\/li>\n<li style=\"font-weight: 400;\" aria-level=\"1\"><b>Prawo do usuni\u0119cia danych (&#8222;prawo do bycia zapomnianym&#8221;):<\/b><span style=\"font-weight: 400;\"> Mo\u017cliwo\u015b\u0107 \u017c\u0105dania usuni\u0119cia danych w okre\u015blonych przypadkach (np. gdy dane nie s\u0105 ju\u017c niezb\u0119dne do cel\u00f3w, w kt\u00f3rych zosta\u0142y zebrane, lub gdy cofni\u0119to zgod\u0119 na ich przetwarzanie).<\/span><\/li>\n<li style=\"font-weight: 400;\" aria-level=\"1\"><b>Prawo do ograniczenia przetwarzania:<\/b><span style=\"font-weight: 400;\"> Mo\u017cliwo\u015b\u0107 \u017c\u0105dania ograniczenia przetwarzania danych w okre\u015blonych przypadkach (np. gdy kwestionowana jest prawid\u0142owo\u015b\u0107 danych).<\/span><\/li>\n<li style=\"font-weight: 400;\" aria-level=\"1\"><b>Prawo do przenoszenia danych:<\/b><span style=\"font-weight: 400;\"> Mo\u017cliwo\u015b\u0107 otrzymania danych dostarczonych Administratorowi w ustrukturyzowanym, powszechnie u\u017cywanym formacie oraz przes\u0142ania ich innemu administratorowi (je\u015bli przetwarzanie odbywa si\u0119 na podstawie zgody lub umowy w spos\u00f3b zautomatyzowany).<\/span><\/li>\n<li style=\"font-weight: 400;\" aria-level=\"1\"><b>Prawo do sprzeciwu:<\/b><span style=\"font-weight: 400;\"> Mo\u017cliwo\u015b\u0107 wniesienia sprzeciwu wobec przetwarzania danych opartego na prawnie uzasadnionym interesie Administratora (np. w celach marketingu bezpo\u015bredniego).<\/span><\/li>\n<li style=\"font-weight: 400;\" aria-level=\"1\"><b>Prawo do cofni\u0119cia zgody:<\/b><span style=\"font-weight: 400;\"> Je\u015bli przetwarzanie odbywa si\u0119 na podstawie zgody, U\u017cytkownik ma prawo do jej cofni\u0119cia w dowolnym momencie, co nie wp\u0142ywa na zgodno\u015b\u0107 z prawem przetwarzania dokonanego przed jej cofni\u0119ciem.<\/span><\/li>\n<li style=\"font-weight: 400;\" aria-level=\"1\"><b>Prawo do wniesienia skargi do organu nadzorczego:<\/b><span style=\"font-weight: 400;\"> U\u017cytkownik ma prawo wnie\u015b\u0107 skarg\u0119 do Prezesa Urz\u0119du Ochrony Danych Osobowych (ul. Stawki 2, 00-193 Warszawa), je\u015bli uzna, \u017ce przetwarzanie jego danych osobowych narusza przepisy RODO.<\/span><\/li>\n<\/ol>\n<p><span style=\"font-weight: 400;\">W celu realizacji swoich praw, U\u017cytkownik powinien skontaktowa\u0107 si\u0119 z Administratorem, korzystaj\u0105c z danych kontaktowych podanych w \u00a7 1 niniejszej Polityki.<\/span><\/p>\n<h2><\/h2>\n<ul>\n<li><b> 8. Bezpiecze\u0144stwo Danych<\/b><\/li>\n<\/ul>\n<p><span style=\"font-weight: 400;\">Administrator stosuje odpowiednie \u015brodki techniczne i organizacyjne w celu ochrony przetwarzanych danych osobowych przed ich utrat\u0105, zniszczeniem, ujawnieniem, dost\u0119pem os\u00f3b nieupowa\u017cnionych lub niew\u0142a\u015bciwym wykorzystaniem. Dost\u0119p do danych maj\u0105 jedynie osoby upowa\u017cnione przez Administratora w zakresie niezb\u0119dnym do wykonywania ich obowi\u0105zk\u00f3w.<\/span><\/p>\n<h2><\/h2>\n<ul>\n<li><b> 9. Zmiany w Polityce Prywatno\u015bci<\/b><\/li>\n<\/ul>\n<p><span style=\"font-weight: 400;\">Administrator zastrzega sobie prawo do wprowadzania zmian w Polityce Prywatno\u015bci. O wszelkich zmianach U\u017cytkownicy b\u0119d\u0105 informowani poprzez zamieszczenie nowej tre\u015bci Polityki Prywatno\u015bci w Serwisie. Aktualna wersja Polityki Prywatno\u015bci jest zawsze dost\u0119pna w Serwisie.<\/span><\/p>\n<h2><\/h2>\n<ul>\n<li><b> 10. Postanowienia Ko\u0144cowe<\/b><\/li>\n<\/ul>\n<p><span style=\"font-weight: 400;\">W sprawach nieuregulowanych niniejsz\u0105 Polityk\u0105 Prywatno\u015bci maj\u0105 zastosowanie przepisy Rozporz\u0105dzenia Parlamentu Europejskiego i Rady (UE) 2016\/679 z dnia 27 kwietnia 2016 r. w sprawie ochrony os\u00f3b fizycznych w zwi\u0105zku z przetwarzaniem danych osobowych i w sprawie swobodnego przep\u0142ywu takich danych oraz uchylenia dyrektywy 95\/46\/WE (RODO) oraz inne w\u0142a\u015bciwe przepisy prawa polskiego.<\/span><\/p>\n<h2><br style=\"font-weight: 400;\" \/><br style=\"font-weight: 400;\" \/><br \/><\/h2>\n<p><\/p>[\/et_pb_text][\/et_pb_column][\/et_pb_row][\/et_pb_section]","protected":false},"excerpt":{"rendered":"<p>Polityka Prywatno\u015bci Strony Internetowej kamilwojtak.com Data ostatniej aktualizacji: [Wstaw aktualn\u0105 dat\u0119, np. 3 kwietnia 2025] Niniejsza Polityka Prywatno\u015bci okre\u015bla zasady przetwarzania i ochrony danych osobowych przekazywanych przez U\u017cytkownik\u00f3w w zwi\u0105zku z korzystaniem przez nich ze strony internetowej kamilwojtak.com (dalej: &#8222;Serwis&#8221;). 1. Administrator Danych Osobowych Administratorem danych osobowych U\u017cytkownik\u00f3w Serwisu jest: Kamil Wojtak prowadz\u0105cy dzia\u0142alno\u015b\u0107 gospodarcz\u0105 [&hellip;]<\/p>\n","protected":false},"author":1,"featured_media":0,"parent":24,"menu_order":0,"comment_status":"closed","ping_status":"closed","template":"","meta":{"_et_pb_use_builder":"on","_et_pb_old_content":"<!-- wp:heading --><h2>Who we are<\/h2><!-- \/wp:heading --><!-- wp:paragraph --><p><strong class=\"privacy-policy-tutorial\">Suggested text: <\/strong>Our website address is: http:\/\/kamilwojtak.com.<\/p><!-- \/wp:paragraph --><!-- wp:heading --><h2>Comments<\/h2><!-- \/wp:heading --><!-- wp:paragraph --><p><strong class=\"privacy-policy-tutorial\">Suggested text: <\/strong>When visitors leave comments on the site we collect the data shown in the comments form, and also the visitor&#8217;s IP address and browser user agent string to help spam detection.<\/p><!-- \/wp:paragraph --><!-- wp:paragraph --><p>An anonymized string created from your email address (also called a hash) may be provided to the Gravatar service to see if you are using it. The Gravatar service privacy policy is available here: https:\/\/automattic.com\/privacy\/. After approval of your comment, your profile picture is visible to the public in the context of your comment.<\/p><!-- \/wp:paragraph --><!-- wp:heading --><h2>Media<\/h2><!-- \/wp:heading --><!-- wp:paragraph --><p><strong class=\"privacy-policy-tutorial\">Suggested text: <\/strong>If you upload images to the website, you should avoid uploading images with embedded location data (EXIF GPS) included. Visitors to the website can download and extract any location data from images on the website.<\/p><!-- \/wp:paragraph --><!-- wp:heading --><h2>Cookies<\/h2><!-- \/wp:heading --><!-- wp:paragraph --><p><strong class=\"privacy-policy-tutorial\">Suggested text: <\/strong>If you leave a comment on our site you may opt-in to saving your name, email address and website in cookies. These are for your convenience so that you do not have to fill in your details again when you leave another comment. These cookies will last for one year.<\/p><!-- \/wp:paragraph --><!-- wp:paragraph --><p>If you visit our login page, we will set a temporary cookie to determine if your browser accepts cookies. This cookie contains no personal data and is discarded when you close your browser.<\/p><!-- \/wp:paragraph --><!-- wp:paragraph --><p>When you log in, we will also set up several cookies to save your login information and your screen display choices. Login cookies last for two days, and screen options cookies last for a year. If you select &quot;Remember Me&quot;, your login will persist for two weeks. If you log out of your account, the login cookies will be removed.<\/p><!-- \/wp:paragraph --><!-- wp:paragraph --><p>If you edit or publish an article, an additional cookie will be saved in your browser. This cookie includes no personal data and simply indicates the post ID of the article you just edited. It expires after 1 day.<\/p><!-- \/wp:paragraph --><!-- wp:heading --><h2>Embedded content from other websites<\/h2><!-- \/wp:heading --><!-- wp:paragraph --><p><strong class=\"privacy-policy-tutorial\">Suggested text: <\/strong>Articles on this site may include embedded content (e.g. videos, images, articles, etc.). Embedded content from other websites behaves in the exact same way as if the visitor has visited the other website.<\/p><!-- \/wp:paragraph --><!-- wp:paragraph --><p>These websites may collect data about you, use cookies, embed additional third-party tracking, and monitor your interaction with that embedded content, including tracking your interaction with the embedded content if you have an account and are logged in to that website.<\/p><!-- \/wp:paragraph --><!-- wp:heading --><h2>Who we share your data with<\/h2><!-- \/wp:heading --><!-- wp:paragraph --><p><strong class=\"privacy-policy-tutorial\">Suggested text: <\/strong>If you request a password reset, your IP address will be included in the reset email.<\/p><!-- \/wp:paragraph --><!-- wp:heading --><h2>How long we retain your data<\/h2><!-- \/wp:heading --><!-- wp:paragraph --><p><strong class=\"privacy-policy-tutorial\">Suggested text: <\/strong>If you leave a comment, the comment and its metadata are retained indefinitely. This is so we can recognize and approve any follow-up comments automatically instead of holding them in a moderation queue.<\/p><!-- \/wp:paragraph --><!-- wp:paragraph --><p>For users that register on our website (if any), we also store the personal information they provide in their user profile. All users can see, edit, or delete their personal information at any time (except they cannot change their username). Website administrators can also see and edit that information.<\/p><!-- \/wp:paragraph --><!-- wp:heading --><h2>What rights you have over your data<\/h2><!-- \/wp:heading --><!-- wp:paragraph --><p><strong class=\"privacy-policy-tutorial\">Suggested text: <\/strong>If you have an account on this site, or have left comments, you can request to receive an exported file of the personal data we hold about you, including any data you have provided to us. You can also request that we erase any personal data we hold about you. This does not include any data we are obliged to keep for administrative, legal, or security purposes.<\/p><!-- \/wp:paragraph --><!-- wp:heading --><h2>Where your data is sent<\/h2><!-- \/wp:heading --><!-- wp:paragraph --><p><strong class=\"privacy-policy-tutorial\">Suggested text: <\/strong>Visitor comments may be checked through an automated spam detection service.<\/p><!-- \/wp:paragraph -->","_et_gb_content_width":"","om_disable_all_campaigns":false,"_monsterinsights_skip_tracking":false,"_monsterinsights_sitenote_active":false,"_monsterinsights_sitenote_note":"","_monsterinsights_sitenote_category":0,"footnotes":""},"class_list":["post-3","page","type-page","status-publish","hentry"],"aioseo_notices":[],"_links":{"self":[{"href":"https:\/\/kamilwojtak.com\/index.php?rest_route=\/wp\/v2\/pages\/3","targetHints":{"allow":["GET"]}}],"collection":[{"href":"https:\/\/kamilwojtak.com\/index.php?rest_route=\/wp\/v2\/pages"}],"about":[{"href":"https:\/\/kamilwojtak.com\/index.php?rest_route=\/wp\/v2\/types\/page"}],"author":[{"embeddable":true,"href":"https:\/\/kamilwojtak.com\/index.php?rest_route=\/wp\/v2\/users\/1"}],"replies":[{"embeddable":true,"href":"https:\/\/kamilwojtak.com\/index.php?rest_route=%2Fwp%2Fv2%2Fcomments&post=3"}],"version-history":[{"count":4,"href":"https:\/\/kamilwojtak.com\/index.php?rest_route=\/wp\/v2\/pages\/3\/revisions"}],"predecessor-version":[{"id":81540,"href":"https:\/\/kamilwojtak.com\/index.php?rest_route=\/wp\/v2\/pages\/3\/revisions\/81540"}],"up":[{"embeddable":true,"href":"https:\/\/kamilwojtak.com\/index.php?rest_route=\/wp\/v2\/pages\/24"}],"wp:attachment":[{"href":"https:\/\/kamilwojtak.com\/index.php?rest_route=%2Fwp%2Fv2%2Fmedia&parent=3"}],"curies":[{"name":"wp","href":"https:\/\/api.w.org\/{rel}","templated":true}]}}